{"id":116,"date":"2009-09-19T05:57:01","date_gmt":"2009-09-19T09:57:01","guid":{"rendered":"http:\/\/www.ThermIQ.net\/?page_id=116"},"modified":"2022-12-22T17:31:06","modified_gmt":"2022-12-22T16:31:06","slug":"fw","status":"publish","type":"page","link":"https:\/\/www.thermiq.net\/se\/hw\/fw\/","title":{"rendered":"Uppdatering av ThermIQ-USB\/ElectrIQ firmware"},"content":{"rendered":"<p>S\u00e5 h\u00e4r g\u00f6r du f\u00f6r att uppgradera programvaran i ThermIQ, ThermIQ-LINK, ThermIQ-WLAN och ElectrIQ:<\/p>\n<ol>\n<li>H\u00e5ll ned resetknappen samtidigt som du ansluter ThermIQ till datorn eller genom att ge den kommandot atb \u00f6ver COM porten.<\/li>\n<li>N\u00e4r Status lyser med 2 korta blink s\u00e5 \u00e4r ThermIQ i upgraderingsl\u00e4ge och datorn skall l\u00e4gga till den som en diskenhet\/USB minne.\u00a0 P\u00e5 disken finns tre filer med versionsnummer och datum:<\/li>\n<\/ol>\n<p><a href=\"http:\/\/www.ThermIQ.net\/wp-content\/uploads\/boot_files.jpg\"><img loading=\"lazy\" decoding=\"async\" class=\"alignfull size-full wp-image-117\" title=\"boot_files\" src=\"http:\/\/www.ThermIQ.net\/wp-content\/uploads\/boot_files.jpg\" alt=\"boot_files\" width=\"522\" height=\"116\" \/><\/a><\/p>\n<p>BOOT och CONFIG \u00e4r statiska och kan inte \u00e4ndras.<\/p>\n<p>F\u00f6r att uppgradera kopierar man den nya programvaran till den h\u00e4r disken. N\u00e4r uppdateringen \u00e4r klar kommer APP att ha ett nytt versionsnummer och datum. Om uppdatering av n\u00e5gon orsak skulle misslyckas s\u00e5 heter filen APP_BAD och d\u00e5 f\u00e5r man pr\u00f6va att kopiera igen tills det funkar.<\/p>\n<p>F\u00f6r att komma ut ur upgraderinsl\u00e4ge s\u00e5 tar man bort BOOT filen, i windows genom att v\u00e4lja den och trycka delete, i Linux genom att g\u00f6ra t.ex. rm BOOT_01.15<\/p>\n<p>Senaste versionerna av ThermIQ programvaran finns i katalogen ThermIQ_fw i ThermIQs mjukvarupaket men kan ocks\u00e5 laddas ner h\u00e4r:<\/p>\n<ul>\n<li><a href=\"http:\/\/www.thermiq.net\/ThermIQ_fw\/Thermiq.4.35_0096_boot1.bsn\" target=\"_blank\" rel=\"noopener\">ThermIQ<\/a><\/li>\n<li><a href=\"http:\/\/www.thermiq.net\/ThermIQ_fw\/Thermiq.4.35_0096_boot2.bsn\" target=\"_blank\" rel=\"noopener\">ThermIQ-LINK and ThermIQ-WLAN<\/a><\/li>\n<li><a href=\"http:\/\/www.thermiq.net\/ThermIQ_Client\/ThermIQ_fw\/ElectrIQ.1.05_0007_boot3.bsn\" target=\"_blank\" rel=\"noopener\">ElectrIQ\u00a0<\/a><\/li>\n<\/ul>\n","protected":false},"excerpt":{"rendered":"<p>S\u00e5 h\u00e4r g\u00f6r du f\u00f6r att uppgradera programvaran i ThermIQ, ThermIQ-LINK, ThermIQ-WLAN och ElectrIQ: H\u00e5ll ned resetknappen samtidigt som du&hellip;<\/p>\n","protected":false},"author":1,"featured_media":0,"parent":422,"menu_order":1,"comment_status":"closed","ping_status":"closed","template":"","meta":{"_bbp_topic_count":0,"_bbp_reply_count":0,"_bbp_total_topic_count":0,"_bbp_total_reply_count":0,"_bbp_voice_count":0,"_bbp_anonymous_reply_count":0,"_bbp_topic_count_hidden":0,"_bbp_reply_count_hidden":0,"_bbp_forum_subforum_count":0,"footnotes":"","_links_to":"","_links_to_target":""},"class_list":["post-116","page","type-page","status-publish","hentry"],"_links":{"self":[{"href":"https:\/\/www.thermiq.net\/se\/wp-json\/wp\/v2\/pages\/116","targetHints":{"allow":["GET"]}}],"collection":[{"href":"https:\/\/www.thermiq.net\/se\/wp-json\/wp\/v2\/pages"}],"about":[{"href":"https:\/\/www.thermiq.net\/se\/wp-json\/wp\/v2\/types\/page"}],"author":[{"embeddable":true,"href":"https:\/\/www.thermiq.net\/se\/wp-json\/wp\/v2\/users\/1"}],"replies":[{"embeddable":true,"href":"https:\/\/www.thermiq.net\/se\/wp-json\/wp\/v2\/comments?post=116"}],"version-history":[{"count":1,"href":"https:\/\/www.thermiq.net\/se\/wp-json\/wp\/v2\/pages\/116\/revisions"}],"predecessor-version":[{"id":8206,"href":"https:\/\/www.thermiq.net\/se\/wp-json\/wp\/v2\/pages\/116\/revisions\/8206"}],"up":[{"embeddable":true,"href":"https:\/\/www.thermiq.net\/se\/wp-json\/wp\/v2\/pages\/422"}],"wp:attachment":[{"href":"https:\/\/www.thermiq.net\/se\/wp-json\/wp\/v2\/media?parent=116"}],"curies":[{"name":"wp","href":"https:\/\/api.w.org\/{rel}","templated":true}]}}