{"id":12,"date":"2009-07-31T18:27:51","date_gmt":"2009-07-31T22:27:51","guid":{"rendered":"http:\/\/www.thermiq.net\/?page_id=12"},"modified":"2013-05-26T23:38:58","modified_gmt":"2013-05-26T21:38:58","slug":"loggning-till-sd-kort","status":"publish","type":"page","link":"https:\/\/www.thermiq.net\/se\/thermiq\/loggning-till-sd-kort\/","title":{"rendered":"Loggning till SD kort"},"content":{"rendered":"<p>Med ett vanligt SD kort i <strong>ThermIQ<\/strong>:en sparas samtlig driftdata en g\u00e5ng per minut. L\u00e4s in logfilen genom att ansluta ThermIQ:en till en dator. ThermIQ kommer d\u00e5 att fungera som ett USB minne och m\u00e4tdata i form av en loggfil kan l\u00e4sas \u00f6ver till datorn.<\/p>\n<p>Med ThermIQ:s mjukvara l\u00e4ser du sedan in loggfilen i en databas och presenterar alla sparade v\u00e4rden grafisk i en webl\u00e4sare. Det \u00e4r samma mjukvara och webinterface som anv\u00e4nds f\u00f6r att presentera loggfiler som det som anv\u00e4nds f\u00f6r realtidsstyrning och presentation. Ett exempel p\u00e5 hur det ser ut kan du hitta h\u00e4r: <a title=\"Webexempel\" href=\"http:\/\/www.ThermIQ.net\/hp\/index.php\" target=\"_blank\">Webexempel<br \/>\n<\/a><\/p>\n<p>Programvara och installationsbeskrivning hittar du under &#8221;<a href=\"http:\/\/www.thermiq.net\/?page_id=35\">Windows installation<\/a>&#8221;<\/p>\n<p><strong>ThermIQ <\/strong>fungerar med vanliga SD och SDHC-kort som formaterats i en PC med FAT eller FAT32 (standardformatering)<\/p>\n<p>Loggfilen \u00e4r textbaserad och best\u00e5r av en tidsst\u00e4mpel f\u00f6ljt av v\u00e4rdena i v\u00e4rmepumpens register.<\/p>\n","protected":false},"excerpt":{"rendered":"<p>Med ett vanligt SD kort i ThermIQ:en sparas samtlig driftdata en g\u00e5ng per minut. L\u00e4s in logfilen genom att ansluta&hellip;<\/p>\n","protected":false},"author":1,"featured_media":0,"parent":5,"menu_order":3,"comment_status":"closed","ping_status":"open","template":"","meta":{"_bbp_topic_count":0,"_bbp_reply_count":0,"_bbp_total_topic_count":0,"_bbp_total_reply_count":0,"_bbp_voice_count":0,"_bbp_anonymous_reply_count":0,"_bbp_topic_count_hidden":0,"_bbp_reply_count_hidden":0,"_bbp_forum_subforum_count":0,"footnotes":"","_links_to":"","_links_to_target":""},"class_list":["post-12","page","type-page","status-publish","hentry"],"_links":{"self":[{"href":"https:\/\/www.thermiq.net\/se\/wp-json\/wp\/v2\/pages\/12","targetHints":{"allow":["GET"]}}],"collection":[{"href":"https:\/\/www.thermiq.net\/se\/wp-json\/wp\/v2\/pages"}],"about":[{"href":"https:\/\/www.thermiq.net\/se\/wp-json\/wp\/v2\/types\/page"}],"author":[{"embeddable":true,"href":"https:\/\/www.thermiq.net\/se\/wp-json\/wp\/v2\/users\/1"}],"replies":[{"embeddable":true,"href":"https:\/\/www.thermiq.net\/se\/wp-json\/wp\/v2\/comments?post=12"}],"version-history":[{"count":0,"href":"https:\/\/www.thermiq.net\/se\/wp-json\/wp\/v2\/pages\/12\/revisions"}],"up":[{"embeddable":true,"href":"https:\/\/www.thermiq.net\/se\/wp-json\/wp\/v2\/pages\/5"}],"wp:attachment":[{"href":"https:\/\/www.thermiq.net\/se\/wp-json\/wp\/v2\/media?parent=12"}],"curies":[{"name":"wp","href":"https:\/\/api.w.org\/{rel}","templated":true}]}}