{"id":136,"date":"2009-10-19T17:30:36","date_gmt":"2009-10-19T21:30:36","guid":{"rendered":"http:\/\/www.ThermIQ.net\/?page_id=136"},"modified":"2019-01-06T16:37:10","modified_gmt":"2019-01-06T15:37:10","slug":"at-kommandon","status":"publish","type":"page","link":"https:\/\/www.thermiq.net\/se\/hw\/at-kommandon\/","title":{"rendered":"&#8212; at-kommandon"},"content":{"rendered":"<p>Fr\u00e5n ett terminalf\u00f6nster kan du anv\u00e4nda f\u00f6ljande kommandon mot ThermIQen och v\u00e4rmepumpen:<\/p>\n<p>Styr och kontroll kommandon<\/p>\n<p><span style=\"color: #0000ff;\">atb\u00a0\u00a0 \u00a0\u00a0\u00a0 \u00a0\u00a0\u00a0 \u00a0\u00a0\u00a0\u00a0\u00a0\u00a0\u00a0\u00a0\u00a0\u00a0\u00a0\u00a0\u00a0 Reboot to bootloader<br \/>\natba\u00a0\u00a0\u00a0\u00a0\u00a0\u00a0\u00a0\u00a0\u00a0\u00a0\u00a0\u00a0\u00a0\u00a0\u00a0\u00a0\u00a0\u00a0 \u00a0 \u00a0 Reboot to application<br \/>\nati\u00a0\u00a0 \u00a0\u00a0\u00a0 \u00a0\u00a0\u00a0 \u00a0\u00a0\u00a0\u00a0\u00a0\u00a0\u00a0\u00a0\u00a0\u00a0\u00a0\u00a0\u00a0\u00a0 Return version info<\/span><span style=\"color: #0000ff;\"><br \/>\natwxxhhll\u00a0 \u00a0\u00a0\u00a0 \u00a0\u00a0\u00a0\u00a0\u00a0\u00a0\u00a0\u00a0 Write hhll to register xx<br \/>\natrxx \u00a0 \u00a0 \u00a0 \u00a0 \u00a0 \u00a0\u00a0\u00a0 \u00a0\u00a0\u00a0\u00a0\u00a0\u00a0 Read from register xx<br \/>\natrxxyy\u00a0\u00a0\u00a0\u00a0\u00a0\u00a0\u00a0\u00a0\u00a0\u00a0\u00a0\u00a0\u00a0\u00a0\u00a0\u00a0\u00a0\u00a0 Read from register xx to yy<br \/>\natrxxyyzzww\u00a0\u00a0\u00a0\u00a0\u00a0\u00a0\u00a0\u00a0\u00a0 Read from register xx to yy and zz to ww<\/span><\/p>\n<p>alla register och data ovan anges i hex med msb f\u00f6rst<\/p>\n<p>Kommandon f\u00f6r ThermIQs Realtidsklocka<br \/>\n<span style=\"color: #0000ff;\">attg\u00a0\u00a0 \u00a0\u00a0\u00a0 \u00a0\u00a0\u00a0 \u00a0\u00a0\u00a0\u00a0\u00a0\u00a0\u00a0\u00a0\u00a0\u00a0\u00a0\u00a0 Get RTC time<br \/>\natts\u00a0\u00a0 \u00a0\u00a0\u00a0 \u00a0\u00a0\u00a0 \u00a0 \u00a0 \u00a0 \u00a0 \u00a0 \u00a0\u00a0 Set RTC time, atts20090712 12:00:00<br \/>\nattaxx \u00a0\u00a0\u00a0 \u00a0\u00a0\u00a0 \u00a0\u00a0\u00a0\u00a0\u00a0\u00a0\u00a0\u00a0\u00a0\u00a0 Adjust rtc for x-tal drift, signed byte is added to RTCCAL reg, returns new value, xx is signed hex<br \/>\n<\/span><\/p>\n","protected":false},"excerpt":{"rendered":"<p>Fr\u00e5n ett terminalf\u00f6nster kan du anv\u00e4nda f\u00f6ljande kommandon mot ThermIQen och v\u00e4rmepumpen: Styr och kontroll kommandon atb\u00a0\u00a0 \u00a0\u00a0\u00a0 \u00a0\u00a0\u00a0 \u00a0\u00a0\u00a0\u00a0\u00a0\u00a0\u00a0\u00a0\u00a0\u00a0\u00a0\u00a0\u00a0&hellip;<\/p>\n","protected":false},"author":1,"featured_media":0,"parent":422,"menu_order":4,"comment_status":"closed","ping_status":"closed","template":"page-templates\/full-width-carousel.php","meta":{"_bbp_topic_count":0,"_bbp_reply_count":0,"_bbp_total_topic_count":0,"_bbp_total_reply_count":0,"_bbp_voice_count":0,"_bbp_anonymous_reply_count":0,"_bbp_topic_count_hidden":0,"_bbp_reply_count_hidden":0,"_bbp_forum_subforum_count":0,"footnotes":"","_links_to":"","_links_to_target":""},"class_list":["post-136","page","type-page","status-publish","hentry"],"_links":{"self":[{"href":"https:\/\/www.thermiq.net\/se\/wp-json\/wp\/v2\/pages\/136","targetHints":{"allow":["GET"]}}],"collection":[{"href":"https:\/\/www.thermiq.net\/se\/wp-json\/wp\/v2\/pages"}],"about":[{"href":"https:\/\/www.thermiq.net\/se\/wp-json\/wp\/v2\/types\/page"}],"author":[{"embeddable":true,"href":"https:\/\/www.thermiq.net\/se\/wp-json\/wp\/v2\/users\/1"}],"replies":[{"embeddable":true,"href":"https:\/\/www.thermiq.net\/se\/wp-json\/wp\/v2\/comments?post=136"}],"version-history":[{"count":0,"href":"https:\/\/www.thermiq.net\/se\/wp-json\/wp\/v2\/pages\/136\/revisions"}],"up":[{"embeddable":true,"href":"https:\/\/www.thermiq.net\/se\/wp-json\/wp\/v2\/pages\/422"}],"wp:attachment":[{"href":"https:\/\/www.thermiq.net\/se\/wp-json\/wp\/v2\/media?parent=136"}],"curies":[{"name":"wp","href":"https:\/\/api.w.org\/{rel}","templated":true}]}}