{"id":249,"date":"2009-10-25T06:54:07","date_gmt":"2009-10-25T10:54:07","guid":{"rendered":"http:\/\/www.ThermIQ.net\/?page_id=249"},"modified":"2024-10-14T13:34:18","modified_gmt":"2024-10-14T11:34:18","slug":"om-foretaget","status":"publish","type":"page","link":"https:\/\/www.thermiq.net\/se\/om-foretaget\/","title":{"rendered":"Om ThermIQ"},"content":{"rendered":"<p>Utvecklingen av ThermIQ startade i slutet av 2008 efter att en Thermia Optimum G2 installerats. Tillsammans med ett par andra Thermia\u00e4gare som som ocks\u00e5 saknade ordentliga driftloggar och m\u00f6jlighet att styra v\u00e4rmepumpen fr\u00e5n n\u00e4tet b\u00f6rjade utveckling av elektronik och mjukvara. De f\u00f6rsta fungerande prototyperna s\u00e5g dagens ljus i Februari 2009. Fr\u00e5n att fr\u00e5n b\u00f6rjan varit ett hemma-projekt spreds sedan information via mun-mot-mun metoden n\u00e4r det visade sig att fler Thermia\u00e4gare var intresserade.<\/p>\n<p>Under Oktober 2009 startades f\u00f6rs\u00e4ljning s\u00e5 att fler loggintresserade ska kunna f\u00e5 sin pump uppkopplad och siten <a href=\"http:\/\/www.ThermIQ.net\">www.ThermIQ.net<\/a> startade.<\/p>\n<p>F\u00f6rhoppningen \u00e4r att kunna bygga en community runt ThermIQ:en d\u00e4r fler kan vara med och utveckla.<\/p>\n<p>Namnet ThermIQ kommer av hoppslagningen av termostat och IQ, en smart termostat, och uttalas som engelska &#8221;Thermos&#8221; men med ett h\u00e5rt &#8221;ik&#8221; p\u00e5 slutet, &#8221;<strong>thur-mike&#8221;<\/strong>.<\/p>\n<p>&nbsp;<\/p>\n<p>Ansvarig f\u00f6r tillverkning och f\u00f6rs\u00e4ljning \u00e4r Ask Me Electronics, ThermIQnet som \u00e4r en registrerad enskild firma och finns i \u00c4lvsj\u00f6, Stockholm. Du kan kontakta oss p\u00e5 <a href=\"mailto:\/\/Anders@ThermIQ.net\">mail. <\/a><\/p>\n<p>Ask Me Electronics, ThermIQnet<br \/>\nMomsreg.nr\/VAT-nr: SE650507115601<\/p>\n","protected":false},"excerpt":{"rendered":"<p>Utvecklingen av ThermIQ startade i slutet av 2008 efter att en Thermia Optimum G2 installerats. Tillsammans med ett par andra&hellip;<\/p>\n","protected":false},"author":1,"featured_media":0,"parent":0,"menu_order":10,"comment_status":"closed","ping_status":"closed","template":"","meta":{"_bbp_topic_count":0,"_bbp_reply_count":0,"_bbp_total_topic_count":0,"_bbp_total_reply_count":0,"_bbp_voice_count":0,"_bbp_anonymous_reply_count":0,"_bbp_topic_count_hidden":0,"_bbp_reply_count_hidden":0,"_bbp_forum_subforum_count":0,"footnotes":"","_links_to":"","_links_to_target":""},"class_list":["post-249","page","type-page","status-publish","hentry"],"_links":{"self":[{"href":"https:\/\/www.thermiq.net\/se\/wp-json\/wp\/v2\/pages\/249","targetHints":{"allow":["GET"]}}],"collection":[{"href":"https:\/\/www.thermiq.net\/se\/wp-json\/wp\/v2\/pages"}],"about":[{"href":"https:\/\/www.thermiq.net\/se\/wp-json\/wp\/v2\/types\/page"}],"author":[{"embeddable":true,"href":"https:\/\/www.thermiq.net\/se\/wp-json\/wp\/v2\/users\/1"}],"replies":[{"embeddable":true,"href":"https:\/\/www.thermiq.net\/se\/wp-json\/wp\/v2\/comments?post=249"}],"version-history":[{"count":2,"href":"https:\/\/www.thermiq.net\/se\/wp-json\/wp\/v2\/pages\/249\/revisions"}],"predecessor-version":[{"id":8533,"href":"https:\/\/www.thermiq.net\/se\/wp-json\/wp\/v2\/pages\/249\/revisions\/8533"}],"wp:attachment":[{"href":"https:\/\/www.thermiq.net\/se\/wp-json\/wp\/v2\/media?parent=249"}],"curies":[{"name":"wp","href":"https:\/\/api.w.org\/{rel}","templated":true}]}}