{"id":25,"date":"2009-08-03T12:10:35","date_gmt":"2009-08-03T16:10:35","guid":{"rendered":"http:\/\/www.thermiq.net\/?page_id=25"},"modified":"2019-01-06T17:39:07","modified_gmt":"2019-01-06T16:39:07","slug":"ansluta-till-pc","status":"publish","type":"page","link":"https:\/\/www.thermiq.net\/se\/sw\/ansluta-till-pc\/","title":{"rendered":"ThermIQ och Windows"},"content":{"rendered":"<p>Att ansluta <strong>ThermIQ-MQTT\u00a0<\/strong>och din v\u00e4rmepump till en pc med Windows ger dig inte bara m\u00f6jligheten att styra alla v\u00e4rmepumpens parametrar utan ger ocks\u00e5 grafisk sammanst\u00e4llning av <strong>ThermIQ-MQTTs<\/strong>\u00a0driftlogg. Exempel p\u00e5 hur det ser ut och vad du kan g\u00f6ra finns h\u00e4r <a title=\"Webexempel\" href=\"\/t2_web\/index.php\" target=\"_blank\" rel=\"noopener noreferrer\">Webexempel<\/a><\/p>\n<p>ThermIQ anv\u00e4nder f\u00f6ljande program som bas:<\/p>\n<ul>\n<li>XAMPP <a title=\"XAMPP-Lite\" href=\"http:\/\/www.apachefriends.org\/en\/xampp-windows.html\">XAMPP-Lite<\/a>, en webserver som k\u00f6rs under Windows<\/li>\n<li><a href=\"http:\/\/mosquitto.org\">Mosquitto<\/a>, en s\u00e5 kallad MQTT Broker f\u00f6r att hantera kommunikationen med\u00a0<strong>ThermIQ-MQTT<\/strong><\/li>\n<\/ul>\n<p>Till Windows finns en steg-f\u00f6r-steg beskrivning p\u00e5 hur man kommer ig\u00e5ng:\u00a0<a href=\"http:\/\/www.thermiq.net\/ThermIQ2-installation-for-Windows-XAMPP.pdf\">ThermIQ2 installation f\u00f6r Windows XAMPP<\/a><\/p>\n<p>ThermIQ \u00e4r provat och fungerar p\u00e5 Windows 7, Windows 8 och\u00a0Windows 10.<\/p>\n","protected":false},"excerpt":{"rendered":"<p>Att ansluta ThermIQ-MQTT\u00a0och din v\u00e4rmepump till en pc med Windows ger dig inte bara m\u00f6jligheten att styra alla v\u00e4rmepumpens parametrar&hellip;<\/p>\n","protected":false},"author":1,"featured_media":0,"parent":468,"menu_order":3,"comment_status":"closed","ping_status":"closed","template":"page-templates\/full-width-carousel.php","meta":{"_bbp_topic_count":0,"_bbp_reply_count":0,"_bbp_total_topic_count":0,"_bbp_total_reply_count":0,"_bbp_voice_count":0,"_bbp_anonymous_reply_count":0,"_bbp_topic_count_hidden":0,"_bbp_reply_count_hidden":0,"_bbp_forum_subforum_count":0,"footnotes":"","_links_to":"","_links_to_target":""},"class_list":["post-25","page","type-page","status-publish","hentry"],"_links":{"self":[{"href":"https:\/\/www.thermiq.net\/se\/wp-json\/wp\/v2\/pages\/25","targetHints":{"allow":["GET"]}}],"collection":[{"href":"https:\/\/www.thermiq.net\/se\/wp-json\/wp\/v2\/pages"}],"about":[{"href":"https:\/\/www.thermiq.net\/se\/wp-json\/wp\/v2\/types\/page"}],"author":[{"embeddable":true,"href":"https:\/\/www.thermiq.net\/se\/wp-json\/wp\/v2\/users\/1"}],"replies":[{"embeddable":true,"href":"https:\/\/www.thermiq.net\/se\/wp-json\/wp\/v2\/comments?post=25"}],"version-history":[{"count":0,"href":"https:\/\/www.thermiq.net\/se\/wp-json\/wp\/v2\/pages\/25\/revisions"}],"up":[{"embeddable":true,"href":"https:\/\/www.thermiq.net\/se\/wp-json\/wp\/v2\/pages\/468"}],"wp:attachment":[{"href":"https:\/\/www.thermiq.net\/se\/wp-json\/wp\/v2\/media?parent=25"}],"curies":[{"name":"wp","href":"https:\/\/api.w.org\/{rel}","templated":true}]}}