{"id":333,"date":"2010-01-11T18:06:03","date_gmt":"2010-01-11T22:06:03","guid":{"rendered":"http:\/\/www.ThermIQ.net\/?page_id=333"},"modified":"2019-01-06T16:33:49","modified_gmt":"2019-01-06T15:33:49","slug":"lysdioder-och-status","status":"publish","type":"page","link":"https:\/\/www.thermiq.net\/se\/hw\/lysdioder-och-status\/","title":{"rendered":"Lysdioder och status"},"content":{"rendered":"<p>ThermIQ: Har tre lysdioder f\u00f6r att indikera vad den h\u00e5ller p\u00e5 med. S\u00e5 h\u00e4r tolkar man dom:<\/p>\n<p>1. Den g\u00f6na lysdioden m\u00e4rkt POWER indikerat att kortet har sp\u00e4nning, antingen fr\u00e5n v\u00e4rmepumpen eller fr\u00e5n USB<\/p>\n<p>2. Den r\u00f6da lysdioden m\u00e4rkt STATUS indikerar vad kortet g\u00f6r genom att g\u00f6ra korta blinkningar i f\u00f6ljd.<\/p>\n<p>1 blink Power on check<br \/>\n2 blink Bootloader mode, redo att upgradera firmware<br \/>\n3 blink Stand-alone loggning, s\u00e4kert att s\u00e4tta i och ta ur SD kort<br \/>\n4 blink Stand alone loggning, SD kortet anv\u00e4nds och skall inte tas ut<br \/>\n5 blink USB anslutet och serieport och SD kort aktivt<\/p>\n<p>3. Den r\u00f6da lysdioden vid SW blinkar n\u00e4r kommunikation med v\u00e4rmepumpen sker. Det g\u00e4ller oavsett vilken STATUS kortet har. Om den inte blinkar s\u00e5 pr\u00f6va att st\u00e4nga av v\u00e4rmepumpen och ta ut USB sladden fr\u00e5n ThermIQ.en. Starta sedan v\u00e4rmepumpen och s\u00e4tt i USB:n igen.<\/p>\n","protected":false},"excerpt":{"rendered":"<p>ThermIQ: Har tre lysdioder f\u00f6r att indikera vad den h\u00e5ller p\u00e5 med. S\u00e5 h\u00e4r tolkar man dom: 1. Den g\u00f6na&hellip;<\/p>\n","protected":false},"author":1,"featured_media":0,"parent":422,"menu_order":2,"comment_status":"closed","ping_status":"closed","template":"page-templates\/full-width-carousel.php","meta":{"_bbp_topic_count":0,"_bbp_reply_count":0,"_bbp_total_topic_count":0,"_bbp_total_reply_count":0,"_bbp_voice_count":0,"_bbp_anonymous_reply_count":0,"_bbp_topic_count_hidden":0,"_bbp_reply_count_hidden":0,"_bbp_forum_subforum_count":0,"footnotes":"","_links_to":"","_links_to_target":""},"class_list":["post-333","page","type-page","status-publish","hentry"],"_links":{"self":[{"href":"https:\/\/www.thermiq.net\/se\/wp-json\/wp\/v2\/pages\/333","targetHints":{"allow":["GET"]}}],"collection":[{"href":"https:\/\/www.thermiq.net\/se\/wp-json\/wp\/v2\/pages"}],"about":[{"href":"https:\/\/www.thermiq.net\/se\/wp-json\/wp\/v2\/types\/page"}],"author":[{"embeddable":true,"href":"https:\/\/www.thermiq.net\/se\/wp-json\/wp\/v2\/users\/1"}],"replies":[{"embeddable":true,"href":"https:\/\/www.thermiq.net\/se\/wp-json\/wp\/v2\/comments?post=333"}],"version-history":[{"count":0,"href":"https:\/\/www.thermiq.net\/se\/wp-json\/wp\/v2\/pages\/333\/revisions"}],"up":[{"embeddable":true,"href":"https:\/\/www.thermiq.net\/se\/wp-json\/wp\/v2\/pages\/422"}],"wp:attachment":[{"href":"https:\/\/www.thermiq.net\/se\/wp-json\/wp\/v2\/media?parent=333"}],"curies":[{"name":"wp","href":"https:\/\/api.w.org\/{rel}","templated":true}]}}