{"id":5,"date":"2009-07-31T18:05:59","date_gmt":"2009-07-31T22:05:59","guid":{"rendered":"http:\/\/www.thermiq.net\/?page_id=5"},"modified":"2022-12-22T18:03:38","modified_gmt":"2022-12-22T17:03:38","slug":"thermiq","status":"publish","type":"page","link":"https:\/\/www.thermiq.net\/se\/thermiq\/","title":{"rendered":"ThermIQ"},"content":{"rendered":"<p><strong>ThermIQ<\/strong> \u00e4r en produkt som best\u00e5r av tv\u00e5 delar, ett h\u00e5rdvaru-interface som installeras i Thermias och Danfoss v\u00e4rmepumpar som tillsammans med mjukvaran, <strong>ThermIQ2-WEB,<\/strong> ger dig full koll p\u00e5 vad din v\u00e4rmepump g\u00f6r.<\/p>\n<p>Med <strong>ThermIQ interfacet <\/strong>anslutet till din Thermia v\u00e4rmepump och en Raspberry PI eller en Windows dator som k\u00f6r <strong>ThermIQ2-WEB<\/strong> s\u00e5 f\u00e5r du tillg\u00e5ng till alla interna m\u00e4tv\u00e4rden och styrparametrar direkt ur v\u00e4rmepumpens styrdator och har m\u00f6jlighet att presentera dessa data som grafer i en webl\u00e4sare. Om du vill kan du ocks\u00e5 \u00f6ver n\u00e4tverk styra och \u00e4ndra driftparametrar s\u00e5som \u00f6nskade temperaturer, utetemperatur, varmvattenproduktion etc. Raspberry PIn\/Windows maskinen k\u00f6r en web-server som grafiskt presenterar v\u00e4rmepumpens aktuella tillst\u00e5nd samt grafer f\u00f6r alla styrparametrar. H\u00e4r kan du direkt \u00e4ndra i v\u00e4rmepumpens inst\u00e4llningar och f\u00e5 mail om n\u00e5got internt larm har l\u00f6sts ut.<\/p>\n<p><strong>ThermIQ-interfacet <\/strong>finns i ett par olika konfigurationer: <strong>ThermIQ-MQTT<\/strong>, <strong>ThermIQ-Room<\/strong> och <strong>ThermIQ_ROOM2<\/strong>, alla anv\u00e4nder sig av det \u00f6ppna protokollet MQTT vilket g\u00f6r det m\u00f6jligt att integrera styrning och \u00f6vervakning med m\u00e5nga andra husautomatiserings program som Home Assistant (HASS), Domoticz, openHab. Det g\u00e5r ocks\u00e5 att automatisera h\u00e4ndelser med node-RED. Det finns en f\u00e4rdig integration med HASS som kan k\u00f6ras parallellt med eller helt frist\u00e5ende fr\u00e5n <strong>ThermIQ2-Web<\/strong><\/p>\n<p>&nbsp;<\/p>\n","protected":false},"excerpt":{"rendered":"<p>ThermIQ \u00e4r en produkt som best\u00e5r av tv\u00e5 delar, ett h\u00e5rdvaru-interface som installeras i Thermias och Danfoss v\u00e4rmepumpar som tillsammans&hellip;<\/p>\n","protected":false},"author":1,"featured_media":0,"parent":0,"menu_order":1,"comment_status":"closed","ping_status":"closed","template":"","meta":{"_bbp_topic_count":0,"_bbp_reply_count":0,"_bbp_total_topic_count":0,"_bbp_total_reply_count":0,"_bbp_voice_count":0,"_bbp_anonymous_reply_count":0,"_bbp_topic_count_hidden":0,"_bbp_reply_count_hidden":0,"_bbp_forum_subforum_count":0,"footnotes":"","_links_to":"","_links_to_target":""},"class_list":["post-5","page","type-page","status-publish","hentry"],"_links":{"self":[{"href":"https:\/\/www.thermiq.net\/se\/wp-json\/wp\/v2\/pages\/5","targetHints":{"allow":["GET"]}}],"collection":[{"href":"https:\/\/www.thermiq.net\/se\/wp-json\/wp\/v2\/pages"}],"about":[{"href":"https:\/\/www.thermiq.net\/se\/wp-json\/wp\/v2\/types\/page"}],"author":[{"embeddable":true,"href":"https:\/\/www.thermiq.net\/se\/wp-json\/wp\/v2\/users\/1"}],"replies":[{"embeddable":true,"href":"https:\/\/www.thermiq.net\/se\/wp-json\/wp\/v2\/comments?post=5"}],"version-history":[{"count":1,"href":"https:\/\/www.thermiq.net\/se\/wp-json\/wp\/v2\/pages\/5\/revisions"}],"predecessor-version":[{"id":8207,"href":"https:\/\/www.thermiq.net\/se\/wp-json\/wp\/v2\/pages\/5\/revisions\/8207"}],"wp:attachment":[{"href":"https:\/\/www.thermiq.net\/se\/wp-json\/wp\/v2\/media?parent=5"}],"curies":[{"name":"wp","href":"https:\/\/api.w.org\/{rel}","templated":true}]}}