{"id":50,"date":"2009-08-03T13:20:26","date_gmt":"2009-08-03T17:20:26","guid":{"rendered":"http:\/\/www.ThermIQ.net\/?page_id=50"},"modified":"2020-04-03T18:42:41","modified_gmt":"2020-04-03T16:42:41","slug":"feedback","status":"publish","type":"page","link":"https:\/\/www.thermiq.net\/se\/feedback\/","title":{"rendered":"Feedback"},"content":{"rendered":"<p>H\u00e4r kan du l\u00e4mna feedback p\u00e5 siten, <strong>ThermIQ <\/strong>eller annat. Du kan ocks\u00e5 maila oss, <a href=\"mailto:Anders@ThermIQ.net\">Anders@ThermIQ.net<\/a> eller skriva i <a href=\"http:\/\/www.thermiq.net\/forum\">forumet<\/a><\/p>\n","protected":false},"excerpt":{"rendered":"<p>H\u00e4r kan du l\u00e4mna feedback p\u00e5 siten, ThermIQ eller annat. Du kan ocks\u00e5 maila oss, Anders@ThermIQ.net eller skriva i forumet<\/p>\n","protected":false},"author":1,"featured_media":0,"parent":0,"menu_order":9,"comment_status":"open","ping_status":"closed","template":"page-templates\/full-width-carousel.php","meta":{"_bbp_topic_count":0,"_bbp_reply_count":0,"_bbp_total_topic_count":0,"_bbp_total_reply_count":0,"_bbp_voice_count":0,"_bbp_anonymous_reply_count":0,"_bbp_topic_count_hidden":0,"_bbp_reply_count_hidden":0,"_bbp_forum_subforum_count":0,"footnotes":"","_links_to":"","_links_to_target":""},"class_list":["post-50","page","type-page","status-publish","hentry"],"_links":{"self":[{"href":"https:\/\/www.thermiq.net\/se\/wp-json\/wp\/v2\/pages\/50","targetHints":{"allow":["GET"]}}],"collection":[{"href":"https:\/\/www.thermiq.net\/se\/wp-json\/wp\/v2\/pages"}],"about":[{"href":"https:\/\/www.thermiq.net\/se\/wp-json\/wp\/v2\/types\/page"}],"author":[{"embeddable":true,"href":"https:\/\/www.thermiq.net\/se\/wp-json\/wp\/v2\/users\/1"}],"replies":[{"embeddable":true,"href":"https:\/\/www.thermiq.net\/se\/wp-json\/wp\/v2\/comments?post=50"}],"version-history":[{"count":0,"href":"https:\/\/www.thermiq.net\/se\/wp-json\/wp\/v2\/pages\/50\/revisions"}],"wp:attachment":[{"href":"https:\/\/www.thermiq.net\/se\/wp-json\/wp\/v2\/media?parent=50"}],"curies":[{"name":"wp","href":"https:\/\/api.w.org\/{rel}","templated":true}]}}