{"id":57,"date":"2009-08-03T13:37:14","date_gmt":"2009-08-03T17:37:14","guid":{"rendered":"http:\/\/www.ThermIQ.net\/?page_id=57"},"modified":"2022-12-22T18:10:32","modified_gmt":"2022-12-22T17:10:32","slug":"kompatibla-varmepumpar","status":"publish","type":"page","link":"https:\/\/www.thermiq.net\/se\/hw-2\/kompatibla-varmepumpar\/","title":{"rendered":"Kompatibla v\u00e4rmepumpar"},"content":{"rendered":"<p>Dom flesta av Thermias och Danfoss v\u00e4rmepumps-modeller tillverkade fr\u00e5n 2008-03-01 och fram\u00e5t kan styras och loggas med <strong>ThermIQ-MQTT\/ROOM\/ROOM2<\/strong>. \u00c5tminstone f\u00f6ljande modeller kan anv\u00e4ndas tillsammans med <strong>ThermIQ<\/strong>:<\/p>\n<ul>\n<li>Danfoss DHP series<\/li>\n<li>Thermia G3 series<\/li>\n<li>Thermia Diplomat Optimum G2<\/li>\n<li>Thermia Diplomat Duo Optimum G2<\/li>\n<li>Thermia Diplomat Duo Optimum<\/li>\n<li>Thermia Diplomat Optimum<\/li>\n<li>Thermia Diplomat Duo<\/li>\n<li>Thermia Diplomat<\/li>\n<li>Thermia Atria Duo Optimum<\/li>\n<li>Thermia Atria Optimum<\/li>\n<li>Thermia Atria Duo<\/li>\n<li>Thermia Atria<\/li>\n<\/ul>\n<p>Om din v\u00e4rmepump har en styrdator som liknar den nedan och har en &#8221;EXT-kontakt&#8221; s\u00e5 fungerar den med ThermIQ:<\/p>\n<p><img loading=\"lazy\" decoding=\"async\" class=\"alignleft size-medium wp-image-7908\" src=\"https:\/\/www.thermiq.net\/wp-conteny\/uploads\/styr-174x300.jpg\" alt=\"Thermia styr\" width=\"174\" height=\"300\" srcset=\"https:\/\/www.thermiq.net\/wp-conteny\/uploads\/styr-174x300.jpg 174w, https:\/\/www.thermiq.net\/wp-conteny\/uploads\/styr-595x1024.jpg 595w, https:\/\/www.thermiq.net\/wp-conteny\/uploads\/styr-768x1321.jpg 768w, https:\/\/www.thermiq.net\/wp-conteny\/uploads\/styr-893x1536.jpg 893w, https:\/\/www.thermiq.net\/wp-conteny\/uploads\/styr-600x1032.jpg 600w, https:\/\/www.thermiq.net\/wp-conteny\/uploads\/styr.jpg 938w\" sizes=\"auto, (max-width: 174px) 100vw, 174px\" \/><\/p>\n<p>Om din v\u00e4rmepump \u00e4r \u00e4ldre \u00e4n 2008-03-01 och displayen \u00e4r av den gamla typen med gr\u00f6n bakgrund, \u00a0m\u00e5ste nodadressen i menyn \u201cInstallation\u201d s\u00e4ttas till 2 eller h\u00f6gre f\u00f6r att kommunikationen med <strong>ThermIQ<\/strong> ska fungera. F\u00f6r att \u00e4ndra v\u00e4rdet p\u00e5 \u201cNode\u201d, g\u00f6r s\u00e5 h\u00e4r:<\/p>\n<p>1. P\u00e5 panelen p\u00e5 din v\u00e4rmepump, h\u00e5ll in b\u00e5de h\u00f6ger och v\u00e4nster piltangent samtidigt i minst 5 sekunder, tills \u201cService\u201d kommer fram h\u00f6gst upp i menyf\u00f6nstret.<br \/>\n2. Tryck p\u00e5 pil ner tills du kommer till Installation, tryck sedan pil h\u00f6ger<br \/>\n3. Tryck p\u00e5 pil ner tills du kommer till Node. \u00c4ndra v\u00e4rdet till 2 eller h\u00f6gre.<br \/>\n4. Om annan extrautrustning ska installeras, s\u00e4tt d\u00e5 det v\u00e4rde p\u00e5 Node som \u00e4r n\u00f6dv\u00e4ndigt f\u00f6r den funktionen.<\/p>\n<p>\u00c4ldre pumpar som inte har denna funktion i menyn \u00e4r inte kompatibla.<\/p>\n<p>&nbsp;<\/p>\n<p>&nbsp;<\/p>\n<p>&nbsp;<\/p>\n<p><strong>ThermIQ-MQTT<\/strong> anslutas var som helst i en kedja av ETX-anslutna kort. Enklas \u00e4r att ansluta den direkt till styrdatorns EXT-kontakt eller med hj\u00e4lp av den EXT-kabel som finns i shopen.<\/p>\n<ul>\n<li>Du kan <strong>inte<\/strong> anv\u00e4nda <strong>ThermIQ-MQTT\u00a0<\/strong>tillsammans med med Thermia Online eller Thermia Link<\/li>\n<li><strong>ThermIQ-MQTT st\u00f6djer inte <\/strong>Thermia Atlas, Thermia Diplomat Inverter, Thermia Genesis, Atec\/DHP-AQ, DHP-IQ eller DHP-M d\u00e5 dessa bygger p\u00e5 en helt annan platform<\/li>\n<li>\u00c4ldre pumpar som\u00a0Villa- och Eko- pumpar med fyra knappar vid displayen st\u00f6ds inte av\u00a0<strong>ThermIQ-MQTT.<\/strong><\/li>\n<\/ul>\n","protected":false},"excerpt":{"rendered":"<p>Dom flesta av Thermias och Danfoss v\u00e4rmepumps-modeller tillverkade fr\u00e5n 2008-03-01 och fram\u00e5t kan styras och loggas med ThermIQ-MQTT\/ROOM\/ROOM2. \u00c5tminstone f\u00f6ljande&hellip;<\/p>\n","protected":false},"author":1,"featured_media":0,"parent":6959,"menu_order":1,"comment_status":"closed","ping_status":"closed","template":"","meta":{"_bbp_topic_count":0,"_bbp_reply_count":0,"_bbp_total_topic_count":0,"_bbp_total_reply_count":0,"_bbp_voice_count":0,"_bbp_anonymous_reply_count":0,"_bbp_topic_count_hidden":0,"_bbp_reply_count_hidden":0,"_bbp_forum_subforum_count":0,"footnotes":"","_links_to":"","_links_to_target":""},"class_list":["post-57","page","type-page","status-publish","hentry"],"_links":{"self":[{"href":"https:\/\/www.thermiq.net\/se\/wp-json\/wp\/v2\/pages\/57","targetHints":{"allow":["GET"]}}],"collection":[{"href":"https:\/\/www.thermiq.net\/se\/wp-json\/wp\/v2\/pages"}],"about":[{"href":"https:\/\/www.thermiq.net\/se\/wp-json\/wp\/v2\/types\/page"}],"author":[{"embeddable":true,"href":"https:\/\/www.thermiq.net\/se\/wp-json\/wp\/v2\/users\/1"}],"replies":[{"embeddable":true,"href":"https:\/\/www.thermiq.net\/se\/wp-json\/wp\/v2\/comments?post=57"}],"version-history":[{"count":6,"href":"https:\/\/www.thermiq.net\/se\/wp-json\/wp\/v2\/pages\/57\/revisions"}],"predecessor-version":[{"id":8210,"href":"https:\/\/www.thermiq.net\/se\/wp-json\/wp\/v2\/pages\/57\/revisions\/8210"}],"up":[{"embeddable":true,"href":"https:\/\/www.thermiq.net\/se\/wp-json\/wp\/v2\/pages\/6959"}],"wp:attachment":[{"href":"https:\/\/www.thermiq.net\/se\/wp-json\/wp\/v2\/media?parent=57"}],"curies":[{"name":"wp","href":"https:\/\/api.w.org\/{rel}","templated":true}]}}