{"id":5978,"date":"2012-08-20T23:42:59","date_gmt":"2012-08-20T21:42:59","guid":{"rendered":"http:\/\/www.ThermIQ.net\/?page_id=5978"},"modified":"2017-01-04T19:36:19","modified_gmt":"2017-01-04T18:36:19","slug":"logga-in-registrera","status":"publish","type":"page","link":"https:\/\/www.thermiq.net\/se\/forums\/logga-in-registrera\/","title":{"rendered":"Logga in"},"content":{"rendered":"\n<form method=\"post\" action=\"https:\/\/www.thermiq.net\/wp-login.php\" class=\"bbp-login-form\">\n\t<fieldset class=\"bbp-form\">\n\t\t<legend>Logga in<\/legend>\n\n\t\t<div class=\"bbp-username\">\n\t\t\t<label for=\"user_login\">Anv\u00e4ndarnamn: <\/label>\n\t\t\t<input type=\"text\" name=\"log\" value=\"\" size=\"20\" maxlength=\"100\" id=\"user_login\" autocomplete=\"off\" \/>\n\t\t<\/div>\n\n\t\t<div class=\"bbp-password\">\n\t\t\t<label for=\"user_pass\">L\u00f6senord: <\/label>\n\t\t\t<input type=\"password\" name=\"pwd\" value=\"\" size=\"20\" id=\"user_pass\" autocomplete=\"off\" \/>\n\t\t<\/div>\n\n\t\t<div class=\"bbp-remember-me\">\n\t\t\t<input type=\"checkbox\" name=\"rememberme\" value=\"forever\"  id=\"rememberme\" \/>\n\t\t\t<label for=\"rememberme\">H\u00e5ll mig inloggad<\/label>\n\t\t<\/div>\n\n\t\t\n\t\t<div class=\"bbp-submit-wrapper\">\n\n\t\t\t<button type=\"submit\" name=\"user-submit\" id=\"user-submit\" class=\"button submit user-submit\">Logga in<\/button>\n\n\t\t\t\n\t<input type=\"hidden\" name=\"user-cookie\" value=\"1\" \/>\n\n\t<input type=\"hidden\" id=\"bbp_redirect_to\" name=\"redirect_to\" value=\"https:\/\/www.thermiq.net\/se\/wp-json\/wp\/v2\/pages\/5978\" \/><input type=\"hidden\" id=\"_wpnonce\" name=\"_wpnonce\" value=\"f8a26c8866\" \/><input type=\"hidden\" name=\"_wp_http_referer\" value=\"\/se\/wp-json\/wp\/v2\/pages\/5978\" \/>\n\t\t<\/div>\n\t<\/fieldset>\n<\/form>\n\n<h2>Registrera ny anv\u00e4ndare<\/h2>\n<p>Dina f\u00f6rsta inl\u00e4gg kommer att modereras f\u00f6r att undvika spam i forumet. D \n<form method=\"post\" action=\"https:\/\/www.thermiq.net\/wp-login.php\" class=\"bbp-login-form\">\n\t<fieldset class=\"bbp-form\">\n\t\t<legend>Skapa ett konto<\/legend>\n\n\t\t\n\t\t<div class=\"bbp-template-notice\">\n\t\t\t<ul>\n\t\t\t\t<li>Ditt anv\u00e4ndarnamn m\u00e5ste vara unikt och kan inte \u00e4ndras i efterhand.<\/li>\n\t\t\t\t<li>Vi anv\u00e4nder din e-postadress till att skicka dig ett s\u00e4kert l\u00f6senord och bekr\u00e4fta ditt konto.<\/li>\n\t\t\t<\/ul>\n\t\t<\/div>\n\n\t\t<div class=\"bbp-username\">\n\t\t\t<label for=\"user_login\">Anv\u00e4ndarnamn: <\/label>\n\t\t\t<input type=\"text\" name=\"user_login\" value=\"\" size=\"20\" id=\"user_login\" maxlength=\"100\" autocomplete=\"off\" \/>\n\t\t<\/div>\n\n\t\t<div class=\"bbp-email\">\n\t\t\t<label for=\"user_email\">E-post: <\/label>\n\t\t\t<input type=\"text\" name=\"user_email\" value=\"\" size=\"20\" id=\"user_email\" maxlength=\"100\" autocomplete=\"off\" \/>\n\t\t<\/div>\n\n\t\t\n\t\t<div class=\"bbp-submit-wrapper\">\n\n\t\t\t<button type=\"submit\" name=\"user-submit\" class=\"button submit user-submit\">Registrera<\/button>\n\n\t\t\t\n\t<input type=\"hidden\" name=\"action\"      value=\"register\" \/>\n\t<input type=\"hidden\" name=\"user-cookie\" value=\"1\" \/>\n\n\t<input type=\"hidden\" id=\"bbp_redirect_to\" name=\"redirect_to\" value=\"?checkemail=registered\" \/><input type=\"hidden\" id=\"_wpnonce\" name=\"_wpnonce\" value=\"47dccfbeda\" \/><input type=\"hidden\" name=\"_wp_http_referer\" value=\"\/se\/wp-json\/wp\/v2\/pages\/5978\" \/>\n\t\t<\/div>\n\n\t\t\n\t<\/fieldset>\n<\/form>\n<\/p>\n<h2>Skicka nytt passord<\/h2>\n\n<form method=\"post\" action=\"https:\/\/www.thermiq.net\/wp-login.php?action=lostpassword\" class=\"bbp-login-form\">\n\t<fieldset class=\"bbp-form\">\n\t\t<legend>Gl\u00f6mt l\u00f6senord<\/legend>\n\n\t\t<div class=\"bbp-username\">\n\t\t\t<p>\n\t\t\t\t<label for=\"user_login\" class=\"hide\">Anv\u00e4ndarnamn eller e-post: <\/label>\n\t\t\t\t<input type=\"text\" name=\"user_login\" value=\"\" size=\"20\" id=\"user_login\" maxlength=\"100\" autocomplete=\"off\" \/>\n\t\t\t<\/p>\n\t\t<\/div>\n\n\t\t\n\t\t<div class=\"bbp-submit-wrapper\">\n\n\t\t\t<button type=\"submit\" name=\"user-submit\" class=\"button submit user-submit\">\u00c5terst\u00e4ll mitt l\u00f6senord<\/button>\n\n\t\t\t\n\t<input type=\"hidden\" name=\"user-cookie\" value=\"1\" \/>\n\n\t<input type=\"hidden\" id=\"bbp_redirect_to\" name=\"redirect_to\" value=\"https:\/\/www.thermiq.net\/se\/forums\/logga-in-registrera\/?checkemail=confirm\" \/><input type=\"hidden\" id=\"_wpnonce\" name=\"_wpnonce\" value=\"f0a7c57535\" \/><input type=\"hidden\" name=\"_wp_http_referer\" value=\"\/se\/wp-json\/wp\/v2\/pages\/5978\" \/>\n\t\t<\/div>\n\t<\/fieldset>\n<\/form>\n\n","protected":false},"excerpt":{"rendered":"<p>Registrera ny anv\u00e4ndare Dina f\u00f6rsta inl\u00e4gg kommer att modereras f\u00f6r att undvika spam i forumet. D Skicka nytt passord<\/p>\n","protected":false},"author":1,"featured_media":0,"parent":6378,"menu_order":0,"comment_status":"closed","ping_status":"closed","template":"","meta":{"_bbp_topic_count":0,"_bbp_reply_count":0,"_bbp_total_topic_count":0,"_bbp_total_reply_count":0,"_bbp_voice_count":0,"_bbp_anonymous_reply_count":0,"_bbp_topic_count_hidden":0,"_bbp_reply_count_hidden":0,"_bbp_forum_subforum_count":0,"footnotes":"","_links_to":"","_links_to_target":""},"class_list":["post-5978","page","type-page","status-publish","hentry"],"_links":{"self":[{"href":"https:\/\/www.thermiq.net\/se\/wp-json\/wp\/v2\/pages\/5978","targetHints":{"allow":["GET"]}}],"collection":[{"href":"https:\/\/www.thermiq.net\/se\/wp-json\/wp\/v2\/pages"}],"about":[{"href":"https:\/\/www.thermiq.net\/se\/wp-json\/wp\/v2\/types\/page"}],"author":[{"embeddable":true,"href":"https:\/\/www.thermiq.net\/se\/wp-json\/wp\/v2\/users\/1"}],"replies":[{"embeddable":true,"href":"https:\/\/www.thermiq.net\/se\/wp-json\/wp\/v2\/comments?post=5978"}],"version-history":[{"count":0,"href":"https:\/\/www.thermiq.net\/se\/wp-json\/wp\/v2\/pages\/5978\/revisions"}],"up":[{"embeddable":true,"href":"https:\/\/www.thermiq.net\/se\/wp-json\/wp\/v2\/pages\/6378"}],"wp:attachment":[{"href":"https:\/\/www.thermiq.net\/se\/wp-json\/wp\/v2\/media?parent=5978"}],"curies":[{"name":"wp","href":"https:\/\/api.w.org\/{rel}","templated":true}]}}