{"id":6194,"date":"2013-03-26T21:14:08","date_gmt":"2013-03-26T20:14:08","guid":{"rendered":"http:\/\/www.ThermIQ.net\/?page_id=6194"},"modified":"2015-04-14T23:17:59","modified_gmt":"2015-04-14T21:17:59","slug":"uppdatering-av-wlan-firmware","status":"publish","type":"page","link":"https:\/\/www.thermiq.net\/se\/hw\/uppdatering-av-wlan-firmware\/","title":{"rendered":"&#8212; Uppdatering av WLAN firmware"},"content":{"rendered":"<p>ThermIQ-WLAN och ElectrIQ har en WLAN modul med egen firmware.\u00a0N\u00f6dv\u00e4ndig firmware laddas ner h\u00e4r: <a title=\"WLAN-firmware r4172\" href=\"http:\/\/thermiq.net\/serial_to_wifi-spb800-r4172.hfl\">WLAN-firmware<\/a><img loading=\"lazy\" decoding=\"async\" class=\"wp-image-6201 alignnone\" alt=\"wlan-fw\" src=\"http:\/\/www.ThermIQ.net\/wp-conteny\/uploads\/wlan-fw1.gif\" width=\"720\" height=\"540\" \/><\/p>\n","protected":false},"excerpt":{"rendered":"<p>ThermIQ-WLAN och ElectrIQ har en WLAN modul med egen firmware.\u00a0N\u00f6dv\u00e4ndig firmware laddas ner h\u00e4r: WLAN-firmware<\/p>\n","protected":false},"author":1,"featured_media":0,"parent":422,"menu_order":5,"comment_status":"closed","ping_status":"closed","template":"page-templates\/full-width-carousel.php","meta":{"_bbp_topic_count":0,"_bbp_reply_count":0,"_bbp_total_topic_count":0,"_bbp_total_reply_count":0,"_bbp_voice_count":0,"_bbp_anonymous_reply_count":0,"_bbp_topic_count_hidden":0,"_bbp_reply_count_hidden":0,"_bbp_forum_subforum_count":0,"footnotes":"","_links_to":"","_links_to_target":""},"class_list":["post-6194","page","type-page","status-publish","hentry"],"_links":{"self":[{"href":"https:\/\/www.thermiq.net\/se\/wp-json\/wp\/v2\/pages\/6194","targetHints":{"allow":["GET"]}}],"collection":[{"href":"https:\/\/www.thermiq.net\/se\/wp-json\/wp\/v2\/pages"}],"about":[{"href":"https:\/\/www.thermiq.net\/se\/wp-json\/wp\/v2\/types\/page"}],"author":[{"embeddable":true,"href":"https:\/\/www.thermiq.net\/se\/wp-json\/wp\/v2\/users\/1"}],"replies":[{"embeddable":true,"href":"https:\/\/www.thermiq.net\/se\/wp-json\/wp\/v2\/comments?post=6194"}],"version-history":[{"count":0,"href":"https:\/\/www.thermiq.net\/se\/wp-json\/wp\/v2\/pages\/6194\/revisions"}],"up":[{"embeddable":true,"href":"https:\/\/www.thermiq.net\/se\/wp-json\/wp\/v2\/pages\/422"}],"wp:attachment":[{"href":"https:\/\/www.thermiq.net\/se\/wp-json\/wp\/v2\/media?parent=6194"}],"curies":[{"name":"wp","href":"https:\/\/api.w.org\/{rel}","templated":true}]}}