{"id":6959,"date":"2019-01-06T16:41:08","date_gmt":"2019-01-06T15:41:08","guid":{"rendered":"http:\/\/www.thermiq.net\/?page_id=6959"},"modified":"2023-02-18T23:57:22","modified_gmt":"2023-02-18T22:57:22","slug":"hw-2","status":"publish","type":"page","link":"https:\/\/www.thermiq.net\/se\/hw-2\/","title":{"rendered":"ThermIQ MQTT\/ROOM2"},"content":{"rendered":"<p><strong>ThermIQ-MQTT<\/strong> och <strong>ThermIQ-ROOM2 <\/strong>fungerar med n\u00e4stan alla Thermia och Danfoss v\u00e4rmepumpar med rund kontrollpanel och svartvit grafisk display producerade efter 2012.<\/p>\n<p>Det betyder att \u00e5tminstone f\u00f6ljande modeller fungerar med\u00a0<strong>ThermIQ-MQTT\/ROOM2<\/strong>:<\/p>\n<p>* Danfoss DHP series (Dock ej DHP-Aq)<br \/>\n* Thermia G3<br \/>\n* Thermia Diplomat\/Optimum G3<br \/>\n* Thermia Diplomat Optimum G2<br \/>\n* Thermia Diplomat Duo Optimum G2<br \/>\n* Thermia Diplomat Duo Optimum<br \/>\n* Thermia Diplomat Optimum<br \/>\n* Thermia Diplomat Duo<br \/>\n* Thermia Diplomat<br \/>\n* Thermia Atria Duo Optimum<br \/>\n* Thermia Atria Optimum<br \/>\n* Thermia Atria Duo<br \/>\n* Thermia Atria<br \/>\n* Villa- och Ekopumpar med fyra knappar vid displayen<\/p>\n<p><strong>ThermIQ-MQTT\/ROOM2<\/strong>ansluter till ditt WiFi n\u00e4t och kommunicerar med en MQTT Broker som k\u00f6rs antingen p\u00e5 en Windows PC eller en Raspberry PI. Det h\u00e4r \u00e4r den perfekta l\u00f6sningen om du vill integrera din v\u00e4rmepump med ett existerande hem-automatiseringssystem. Det finns tex en f\u00e4rdig integration f\u00f6r <a href=\"https:\/\/github.com\/ThermIQ\/thermiq_mqtt-ha\">Home Assistant<\/a>\u00a0som kan installeras via HACS. Om du vill ha ut\u00f6kad loggning, driftstatistik per timme, dag och m\u00e5nad samt ett f\u00e4rdigt web interface s\u00e5 \u00e4r\u00a0<strong>ThermIQ-MQTT\/ROOM2 + ThermIQ2-web<\/strong>\u00a0ett b\u00e4ttre alternativ.<\/p>\n<p>&nbsp;<\/p>\n<p>ThermIQ-MQTT fungerar inte tillsammans med Thermia-Online, luft-vattenpumpen Atec\/DHP-Aq, Diplomat Inverter, Thermia Atlas. ThermIQ-Room fungerar inte heller tillsammans med Thermias innomhusgivare.<\/p>\n","protected":false},"excerpt":{"rendered":"<p>ThermIQ-MQTT och ThermIQ-ROOM2 fungerar med n\u00e4stan alla Thermia och Danfoss v\u00e4rmepumpar med rund kontrollpanel och svartvit grafisk display producerade efter&hellip;<\/p>\n","protected":false},"author":786,"featured_media":0,"parent":0,"menu_order":4,"comment_status":"closed","ping_status":"closed","template":"","meta":{"_bbp_topic_count":0,"_bbp_reply_count":0,"_bbp_total_topic_count":0,"_bbp_total_reply_count":0,"_bbp_voice_count":0,"_bbp_anonymous_reply_count":0,"_bbp_topic_count_hidden":0,"_bbp_reply_count_hidden":0,"_bbp_forum_subforum_count":0,"footnotes":"","_links_to":"","_links_to_target":""},"class_list":["post-6959","page","type-page","status-publish","hentry"],"_links":{"self":[{"href":"https:\/\/www.thermiq.net\/se\/wp-json\/wp\/v2\/pages\/6959","targetHints":{"allow":["GET"]}}],"collection":[{"href":"https:\/\/www.thermiq.net\/se\/wp-json\/wp\/v2\/pages"}],"about":[{"href":"https:\/\/www.thermiq.net\/se\/wp-json\/wp\/v2\/types\/page"}],"author":[{"embeddable":true,"href":"https:\/\/www.thermiq.net\/se\/wp-json\/wp\/v2\/users\/786"}],"replies":[{"embeddable":true,"href":"https:\/\/www.thermiq.net\/se\/wp-json\/wp\/v2\/comments?post=6959"}],"version-history":[{"count":2,"href":"https:\/\/www.thermiq.net\/se\/wp-json\/wp\/v2\/pages\/6959\/revisions"}],"predecessor-version":[{"id":8359,"href":"https:\/\/www.thermiq.net\/se\/wp-json\/wp\/v2\/pages\/6959\/revisions\/8359"}],"wp:attachment":[{"href":"https:\/\/www.thermiq.net\/se\/wp-json\/wp\/v2\/media?parent=6959"}],"curies":[{"name":"wp","href":"https:\/\/api.w.org\/{rel}","templated":true}]}}