{"id":7010,"date":"2019-01-13T02:13:28","date_gmt":"2019-01-13T01:13:28","guid":{"rendered":"http:\/\/www.thermiq.net\/?page_id=7010"},"modified":"2022-12-22T18:49:11","modified_gmt":"2022-12-22T17:49:11","slug":"thermiq-mqtt-funktionallitet-2","status":"publish","type":"page","link":"https:\/\/www.thermiq.net\/se\/hw-2\/thermiq-mqtt-funktionallitet-2\/","title":{"rendered":"ThermIQ-MQTT\/ROOM2 MQTT Meddelanden"},"content":{"rendered":"\r\n<p>ThermIQ-MQTT pollar med j\u00e4mna intervall v\u00e4rmepumpen och skickar pumpens drift-data till ditt systems MQTT Broker. Ett meddelande kan se ut s\u00e5 h\u00e4r:<\/p>\r\n\r\n<p>&nbsp;<\/p>\r\n\r\n<pre class=\"wp-block-preformatted\"><strong>Topic<\/strong>\u00a0:\u00a0ThermIQ\/ThermIQ-mqtt\/data <br \/><span style=\"background-color: #e8eaeb;\"><b>Message<\/b><\/span>: {<br \/>   \"Client_Name\": \"Thermiq_30AEA413D85C\",<br \/>   \"app_info\": \"ThermIQ-mqtt 1.01\",<br \/>   \"reason\": \"T\",<br \/>   \"r00\": -3,<br \/>   \"r01\": 20,<br \/>   \"r02\": 0,<br \/>   .......<br \/>   \"r7f\": 2,<br \/>   \"timestamp\": 1547341140<br \/> }<\/pre>\r\n\r\n<p>Registernamn best\u00e5r av ett &#8221;r&#8221; f\u00f6ljt av registeraddressen i hexadecimal. Registerv\u00e4rdet \u00e4r ett 16-bitars &#8221;signed integer&#8221;<\/p>\r\n\r\n<p>P\u00e5 samma s\u00e4tt kan man skicka ett meddelande till ThermIQ-MQTT via MQTT Brokern f\u00f6r att skriva till pumpen. Ett s\u00e5dant meddelande kan se ut s\u00e5 h\u00e4r:<\/p>\r\n\r\n<p>&nbsp;<\/p>\r\n\r\n<pre class=\"wp-block-preformatted\">  <br \/><strong>Topic:<\/strong>ThermIQ\/ThermIQ-mqtt\/WRITE <br \/><strong>Message<\/strong>\u00a0: <a>{\"r32\":20}<\/a> <\/pre>\r\n\r\n<p>&nbsp;<\/p>\r\n\r\n<p>Ett meddelande best\u00e5r av ett Topic och ett Message. Det senare anv\u00e4nder v\u00e4rmepumpens register i hex, tex &#8221;r1f:&#8221; f\u00f6ljt av ett v\u00e4rde. Exemplet ovan skriver v\u00e4rdet 20 i register 50 vilket \u00e4r &#8221;B\u00f6r v\u00e4rde, Rumstemperatur&#8221;. I MQTTBox s\u00e5 ser meddelandet ut s\u00e5 h\u00e4r:<\/p>\r\n<p><img loading=\"lazy\" decoding=\"async\" class=\"alignnone size-full wp-image-7085\" src=\"http:\/\/www.thermiq.net\/wp-conteny\/uploads\/Write_MQTT.jpg\" alt=\"\" width=\"611\" height=\"555\" srcset=\"https:\/\/www.thermiq.net\/wp-conteny\/uploads\/Write_MQTT.jpg 611w, https:\/\/www.thermiq.net\/wp-conteny\/uploads\/Write_MQTT-600x545.jpg 600w, https:\/\/www.thermiq.net\/wp-conteny\/uploads\/Write_MQTT-300x273.jpg 300w, https:\/\/www.thermiq.net\/wp-conteny\/uploads\/Write_MQTT-99x90.jpg 99w, https:\/\/www.thermiq.net\/wp-conteny\/uploads\/Write_MQTT-149x135.jpg 149w, https:\/\/www.thermiq.net\/wp-conteny\/uploads\/Write_MQTT-211x192.jpg 211w, https:\/\/www.thermiq.net\/wp-conteny\/uploads\/Write_MQTT-297x270.jpg 297w, https:\/\/www.thermiq.net\/wp-conteny\/uploads\/Write_MQTT-396x360.jpg 396w\" sizes=\"auto, (max-width: 611px) 100vw, 611px\" \/><\/p>\r\n<p>&nbsp;<\/p>\r\n","protected":false},"excerpt":{"rendered":"<p>ThermIQ-MQTT pollar med j\u00e4mna intervall v\u00e4rmepumpen och skickar pumpens drift-data till ditt systems MQTT Broker. Ett meddelande kan se ut&hellip;<\/p>\n","protected":false},"author":786,"featured_media":0,"parent":6959,"menu_order":4,"comment_status":"closed","ping_status":"closed","template":"","meta":{"_bbp_topic_count":0,"_bbp_reply_count":0,"_bbp_total_topic_count":0,"_bbp_total_reply_count":0,"_bbp_voice_count":0,"_bbp_anonymous_reply_count":0,"_bbp_topic_count_hidden":0,"_bbp_reply_count_hidden":0,"_bbp_forum_subforum_count":0,"footnotes":"","_links_to":"","_links_to_target":""},"class_list":["post-7010","page","type-page","status-publish","hentry"],"_links":{"self":[{"href":"https:\/\/www.thermiq.net\/se\/wp-json\/wp\/v2\/pages\/7010","targetHints":{"allow":["GET"]}}],"collection":[{"href":"https:\/\/www.thermiq.net\/se\/wp-json\/wp\/v2\/pages"}],"about":[{"href":"https:\/\/www.thermiq.net\/se\/wp-json\/wp\/v2\/types\/page"}],"author":[{"embeddable":true,"href":"https:\/\/www.thermiq.net\/se\/wp-json\/wp\/v2\/users\/786"}],"replies":[{"embeddable":true,"href":"https:\/\/www.thermiq.net\/se\/wp-json\/wp\/v2\/comments?post=7010"}],"version-history":[{"count":2,"href":"https:\/\/www.thermiq.net\/se\/wp-json\/wp\/v2\/pages\/7010\/revisions"}],"predecessor-version":[{"id":8222,"href":"https:\/\/www.thermiq.net\/se\/wp-json\/wp\/v2\/pages\/7010\/revisions\/8222"}],"up":[{"embeddable":true,"href":"https:\/\/www.thermiq.net\/se\/wp-json\/wp\/v2\/pages\/6959"}],"wp:attachment":[{"href":"https:\/\/www.thermiq.net\/se\/wp-json\/wp\/v2\/media?parent=7010"}],"curies":[{"name":"wp","href":"https:\/\/api.w.org\/{rel}","templated":true}]}}