{"id":7072,"date":"2019-03-02T14:53:11","date_gmt":"2019-03-02T13:53:11","guid":{"rendered":"http:\/\/www.thermiq.net\/?page_id=7072"},"modified":"2024-07-15T19:05:22","modified_gmt":"2024-07-15T17:05:22","slug":"debian","status":"publish","type":"page","link":"https:\/\/www.thermiq.net\/se\/sw\/debian\/","title":{"rendered":"ThermIQ och Debian 11"},"content":{"rendered":"<p>Det g\u00e5r att installera\u00a0<strong>ThermIQ Web\u00a0<\/strong>p\u00e5 &#8221;<strong>Debian 11, bullseye<\/strong>&#8221; men det kr\u00e4ver att du sj\u00e4lv har installerat OS och har god f\u00f6rst\u00e5else f\u00f6r hur man installerar och administrerar program i Linux. Installationsv\u00e4gledning finns h\u00e4r:\u00a0<a href=\"http:\/\/www.thermiq.net\/ThermIQ2-installation-for-Debian.pdf\">http:\/\/www.thermiq.net\/ThermIQ2-installation-for-Debian.pdf<\/a><\/p>\n<p>Deu kan styra alla v\u00e4rmepumpens parametrar och f\u00e5r en grafisk sammanst\u00e4llning av\u00a0<strong>ThermIQ<\/strong>s driftlogg. Exempel p\u00e5 hur det ser ut och vad du kan g\u00f6ra finns h\u00e4r\u00a0<a title=\"Webexempel\" href=\"http:\/\/www.thermiq.net\/t2_web\/index.php\" target=\"_blank\" rel=\"noopener noreferrer\">Webexempel<\/a><\/p>\n<p><strong>ThermIQ\u00a0<\/strong>s programvara \u00e4r skriven i php (php7.4) och anv\u00e4nder Apache2 web-server och sqlite eller mysql som databas<\/p>\n<p style=\"text-align: left;\">.<img loading=\"lazy\" decoding=\"async\" class=\"size-full wp-image-7611 aligncenter\" src=\"https:\/\/www.thermiq.net\/wp-conteny\/uploads\/ThermIQ_debian11.png\" alt=\"\" width=\"179\" height=\"225\" \/><\/p>\n","protected":false},"excerpt":{"rendered":"<p>Det g\u00e5r att installera\u00a0ThermIQ Web\u00a0p\u00e5 &#8221;Debian 11, bullseye&#8221; men det kr\u00e4ver att du sj\u00e4lv har installerat OS och har god&hellip;<\/p>\n","protected":false},"author":786,"featured_media":0,"parent":468,"menu_order":3,"comment_status":"closed","ping_status":"closed","template":"","meta":{"_bbp_topic_count":0,"_bbp_reply_count":0,"_bbp_total_topic_count":0,"_bbp_total_reply_count":0,"_bbp_voice_count":0,"_bbp_anonymous_reply_count":0,"_bbp_topic_count_hidden":0,"_bbp_reply_count_hidden":0,"_bbp_forum_subforum_count":0,"footnotes":"","_links_to":"","_links_to_target":""},"class_list":["post-7072","page","type-page","status-publish","hentry"],"_links":{"self":[{"href":"https:\/\/www.thermiq.net\/se\/wp-json\/wp\/v2\/pages\/7072","targetHints":{"allow":["GET"]}}],"collection":[{"href":"https:\/\/www.thermiq.net\/se\/wp-json\/wp\/v2\/pages"}],"about":[{"href":"https:\/\/www.thermiq.net\/se\/wp-json\/wp\/v2\/types\/page"}],"author":[{"embeddable":true,"href":"https:\/\/www.thermiq.net\/se\/wp-json\/wp\/v2\/users\/786"}],"replies":[{"embeddable":true,"href":"https:\/\/www.thermiq.net\/se\/wp-json\/wp\/v2\/comments?post=7072"}],"version-history":[{"count":3,"href":"https:\/\/www.thermiq.net\/se\/wp-json\/wp\/v2\/pages\/7072\/revisions"}],"predecessor-version":[{"id":8510,"href":"https:\/\/www.thermiq.net\/se\/wp-json\/wp\/v2\/pages\/7072\/revisions\/8510"}],"up":[{"embeddable":true,"href":"https:\/\/www.thermiq.net\/se\/wp-json\/wp\/v2\/pages\/468"}],"wp:attachment":[{"href":"https:\/\/www.thermiq.net\/se\/wp-json\/wp\/v2\/media?parent=7072"}],"curies":[{"name":"wp","href":"https:\/\/api.w.org\/{rel}","templated":true}]}}