{"id":7544,"date":"2021-10-31T11:33:25","date_gmt":"2021-10-31T10:33:25","guid":{"rendered":"https:\/\/www.thermiq.net\/password-reset\/"},"modified":"2021-10-31T11:33:25","modified_gmt":"2021-10-31T10:33:25","slug":"password-reset","status":"publish","type":"page","link":"https:\/\/www.thermiq.net\/se\/password-reset\/","title":{"rendered":"\u00c5terst\u00e4llning av l\u00f6senord"},"content":{"rendered":"<p>[ultimatemember_password]<\/p>\n","protected":false},"excerpt":{"rendered":"<p>[ultimatemember_password]<\/p>\n","protected":false},"author":786,"featured_media":0,"parent":0,"menu_order":0,"comment_status":"closed","ping_status":"closed","template":"","meta":{"_bbp_topic_count":0,"_bbp_reply_count":0,"_bbp_total_topic_count":0,"_bbp_total_reply_count":0,"_bbp_voice_count":0,"_bbp_anonymous_reply_count":0,"_bbp_topic_count_hidden":0,"_bbp_reply_count_hidden":0,"_bbp_forum_subforum_count":0,"footnotes":"","_links_to":"","_links_to_target":""},"class_list":["post-7544","page","type-page","status-publish","hentry"],"_links":{"self":[{"href":"https:\/\/www.thermiq.net\/se\/wp-json\/wp\/v2\/pages\/7544","targetHints":{"allow":["GET"]}}],"collection":[{"href":"https:\/\/www.thermiq.net\/se\/wp-json\/wp\/v2\/pages"}],"about":[{"href":"https:\/\/www.thermiq.net\/se\/wp-json\/wp\/v2\/types\/page"}],"author":[{"embeddable":true,"href":"https:\/\/www.thermiq.net\/se\/wp-json\/wp\/v2\/users\/786"}],"replies":[{"embeddable":true,"href":"https:\/\/www.thermiq.net\/se\/wp-json\/wp\/v2\/comments?post=7544"}],"version-history":[{"count":0,"href":"https:\/\/www.thermiq.net\/se\/wp-json\/wp\/v2\/pages\/7544\/revisions"}],"wp:attachment":[{"href":"https:\/\/www.thermiq.net\/se\/wp-json\/wp\/v2\/media?parent=7544"}],"curies":[{"name":"wp","href":"https:\/\/api.w.org\/{rel}","templated":true}]}}