{"id":9,"date":"2009-07-31T18:25:38","date_gmt":"2009-07-31T22:25:38","guid":{"rendered":"http:\/\/www.thermiq.net\/?page_id=9"},"modified":"2015-04-14T23:19:59","modified_gmt":"2015-04-14T21:19:59","slug":"thermiq-och-linux","status":"publish","type":"page","link":"https:\/\/www.thermiq.net\/se\/thermiq\/thermiq-och-linux\/","title":{"rendered":"ThermIQ och Linux"},"content":{"rendered":"<p>Att ansluta <strong>ThermIQ <\/strong>och din v\u00e4rmepump till en Linux maskin ger dig inte bara m\u00f6jligheten att styra alla v\u00e4rmepumpens parametrar utan ger ocks\u00e5 grafisk sammanst\u00e4llning av <strong>ThermIQ<\/strong>s driftlogg. Exempel p\u00e5 hur det ser ut och vad du kan g\u00f6ra finns h\u00e4r <a title=\"Webexempel\" href=\"http:\/\/www.ThermIQ.net\/hp\/index.php\" target=\"_blank\">Webexempel<\/a><\/p>\n<p>F\u00f6r att installera ThermIQs programvara p\u00e5 en Linux maskin kr\u00e4vs lite unix-vana: <strong>ThermIQ <\/strong>s programvara \u00e4r skriven i php och fungerar p\u00e5 de flesta Linux-distributioner. Kraven \u00e4r enkla, en webserver som hanterar php samt en sqlite3 databas. F\u00f6r att Linux maskinen skall kunna kommunicera med <strong>ThermIQ<\/strong>:en kr\u00e4vs ocks\u00e5 att det finns st\u00f6d f\u00f6r USB CDC, ett generellt protokoll f\u00f6r att prata med USB anslutna serieportar.<\/p>\n<p>Exempel p\u00e5 Linux maskiner och distributioner som provats och fungerar \u00e4r:<br \/>\n* Raspberry PI<br \/>\n* LinkSYS NSLU med Unslung, steg f\u00f6r steg beskrivning hur man s\u00e4tter upp en NSLU finns med i v\u00e5rt programpaket.<br \/>\n* DLink DNS-323<br \/>\n* Ubuntu p\u00e5 PC<\/p>\n<p>i Linuxpaketet finns beskrivningar f\u00f6r hur man installerar p\u00e5 olika maskiner. Det g\u00e5r utm\u00e4rkt att ladda ner och prova att\u00a0 installera det utan att ha ett ThermIQ interface. Med i installationen finns ocks\u00e5 exempel p\u00e5 logg-filer s\u00e5 att man kan se hur inl\u00e4sning av data g\u00e5r till, vilka styrparametrar som finns samt hur webinterface och grafer fungerar.<\/p>\n","protected":false},"excerpt":{"rendered":"<p>Att ansluta ThermIQ och din v\u00e4rmepump till en Linux maskin ger dig inte bara m\u00f6jligheten att styra alla v\u00e4rmepumpens parametrar&hellip;<\/p>\n","protected":false},"author":1,"featured_media":0,"parent":5,"menu_order":4,"comment_status":"closed","ping_status":"closed","template":"page-templates\/full-width-carousel.php","meta":{"_bbp_topic_count":0,"_bbp_reply_count":0,"_bbp_total_topic_count":0,"_bbp_total_reply_count":0,"_bbp_voice_count":0,"_bbp_anonymous_reply_count":0,"_bbp_topic_count_hidden":0,"_bbp_reply_count_hidden":0,"_bbp_forum_subforum_count":0,"footnotes":"","_links_to":"","_links_to_target":""},"class_list":["post-9","page","type-page","status-publish","hentry"],"_links":{"self":[{"href":"https:\/\/www.thermiq.net\/se\/wp-json\/wp\/v2\/pages\/9","targetHints":{"allow":["GET"]}}],"collection":[{"href":"https:\/\/www.thermiq.net\/se\/wp-json\/wp\/v2\/pages"}],"about":[{"href":"https:\/\/www.thermiq.net\/se\/wp-json\/wp\/v2\/types\/page"}],"author":[{"embeddable":true,"href":"https:\/\/www.thermiq.net\/se\/wp-json\/wp\/v2\/users\/1"}],"replies":[{"embeddable":true,"href":"https:\/\/www.thermiq.net\/se\/wp-json\/wp\/v2\/comments?post=9"}],"version-history":[{"count":0,"href":"https:\/\/www.thermiq.net\/se\/wp-json\/wp\/v2\/pages\/9\/revisions"}],"up":[{"embeddable":true,"href":"https:\/\/www.thermiq.net\/se\/wp-json\/wp\/v2\/pages\/5"}],"wp:attachment":[{"href":"https:\/\/www.thermiq.net\/se\/wp-json\/wp\/v2\/media?parent=9"}],"curies":[{"name":"wp","href":"https:\/\/api.w.org\/{rel}","templated":true}]}}