{"id":7156,"date":"2020-04-03T15:42:19","date_gmt":"2020-04-03T13:42:19","guid":{"rendered":"https:\/\/www.thermiq.net\/?post_type=product&#038;p=7156"},"modified":"2022-08-23T01:32:05","modified_gmt":"2022-08-22T23:32:05","slug":"extra-installationshjalp","status":"publish","type":"product","link":"https:\/\/www.thermiq.net\/se\/produkt\/extra-installationshjalp\/","title":{"rendered":"Extra Installationshj\u00e4lp"},"content":{"rendered":"<p><img loading=\"lazy\" decoding=\"async\" class=\"alignnone size-full wp-image-6640\" src=\"https:\/\/www.thermiq.net\/wp-conteny\/uploads\/thermiq2sup-med.jpg\" alt=\"\" width=\"300\" height=\"182\" \/><\/p>\n<p>Extra support f\u00f6r dig som vill ha hj\u00e4lp att uppgradera fr\u00e5n tidigare version av ThermIQ-web till ThermIQ2 eller support ut\u00f6ver mail.<\/p>\n<p>F\u00f6ljer man installationsanvisningarna, steg f\u00f6r steg, \u00e4r det oftast inga problem att f\u00e5 ig\u00e5ng sin ThermIQ2 installation men om man s\u00e5 \u00f6nskar kan vi\u00a0hj\u00e4lpa till att uppgradera och ge support tills installationen funkar.<\/p>\n<p>Bra f\u00f6r dig som<br \/>\n* \u00e4r os\u00e4ker p\u00e5 hur du skall installera ThermIQ2 p\u00e5 Raspberry PI eller PC<br \/>\n* \u00f6nskar hj\u00e4lp att konvertera din nuvarande databas till ThermIQ2<br \/>\n* har gl\u00f6mt password till din installation<\/p>","protected":false},"excerpt":{"rendered":"<p>Extra support f\u00f6r dig som vill ha hj\u00e4lp att uppgradera fr\u00e5n tidigare version av ThermIQ-web till ThermIQ2 eller support ut\u00f6ver mail.<\/p>\n","protected":false},"featured_media":6640,"template":"","meta":{"_bbp_topic_count":0,"_bbp_reply_count":0,"_bbp_total_topic_count":0,"_bbp_total_reply_count":0,"_bbp_voice_count":0,"_bbp_anonymous_reply_count":0,"_bbp_topic_count_hidden":0,"_bbp_reply_count_hidden":0,"_bbp_forum_subforum_count":0,"_links_to":"","_links_to_target":""},"product_brand":[],"product_cat":[290],"product_tag":[],"class_list":{"0":"post-7156","1":"product","2":"type-product","3":"status-publish","4":"has-post-thumbnail","6":"product_cat-okategoriserad","8":"first","9":"instock","10":"virtual","11":"taxable","12":"purchasable","13":"product-type-simple"},"_links":{"self":[{"href":"https:\/\/www.thermiq.net\/se\/wp-json\/wp\/v2\/product\/7156","targetHints":{"allow":["GET"]}}],"collection":[{"href":"https:\/\/www.thermiq.net\/se\/wp-json\/wp\/v2\/product"}],"about":[{"href":"https:\/\/www.thermiq.net\/se\/wp-json\/wp\/v2\/types\/product"}],"wp:featuredmedia":[{"embeddable":true,"href":"https:\/\/www.thermiq.net\/se\/wp-json\/wp\/v2\/media\/6640"}],"wp:attachment":[{"href":"https:\/\/www.thermiq.net\/se\/wp-json\/wp\/v2\/media?parent=7156"}],"wp:term":[{"taxonomy":"product_brand","embeddable":true,"href":"https:\/\/www.thermiq.net\/se\/wp-json\/wp\/v2\/product_brand?post=7156"},{"taxonomy":"product_cat","embeddable":true,"href":"https:\/\/www.thermiq.net\/se\/wp-json\/wp\/v2\/product_cat?post=7156"},{"taxonomy":"product_tag","embeddable":true,"href":"https:\/\/www.thermiq.net\/se\/wp-json\/wp\/v2\/product_tag?post=7156"}],"curies":[{"name":"wp","href":"https:\/\/api.w.org\/{rel}","templated":true}]}}