{"id":7157,"date":"2020-04-03T16:13:56","date_gmt":"2020-04-03T14:13:56","guid":{"rendered":"https:\/\/www.thermiq.net\/?post_type=product&#038;p=7157"},"modified":"2023-01-04T23:25:37","modified_gmt":"2023-01-04T22:25:37","slug":"thermiq2-web","status":"publish","type":"product","link":"https:\/\/www.thermiq.net\/se\/produkt\/thermiq2-web\/","title":{"rendered":"ThermIQ2-Web"},"content":{"rendered":"<p>F\u00f6r dig som vill anv\u00e4nda ThermIQ2-Web.<\/p>\n<p>* ThermIQ2-Web har ett modernt web-gr\u00e4nssnitt baserat p\u00e5 Twitter bootstrap<br \/>\n* Helt omgjort fr\u00e5n grunden med fokus p\u00e5 enkel anv\u00e4ndning<br \/>\n* Anpassar utseendet efter storlek p\u00e5 sk\u00e4rmen, fungerar p\u00e5 dator, mobil och platta.<br \/>\n* Snabb respons och uppdatering av data<br \/>\n* Inbyggd backup mot Dropbox<br \/>\n* M\u00f6jlighet att v\u00e4lja databasformatet Mysql<br \/>\n* Script f\u00f6r konvertering av gamla m\u00e4tdata till nya databasformatet.<\/p>\n<p>&nbsp;<\/p>\n<p>ThermIQ2-Web kan k\u00f6ras p\u00e5 en Raspberry PI3\/PI4, Debian Bullseye eller Windows XAMPP.<\/p>","protected":false},"excerpt":{"rendered":"<p>Licens till ThermIQ2-Web<\/p>\n","protected":false},"featured_media":6578,"template":"","meta":{"_bbp_topic_count":0,"_bbp_reply_count":0,"_bbp_total_topic_count":0,"_bbp_total_reply_count":0,"_bbp_voice_count":0,"_bbp_anonymous_reply_count":0,"_bbp_topic_count_hidden":0,"_bbp_reply_count_hidden":0,"_bbp_forum_subforum_count":0,"_links_to":"","_links_to_target":""},"product_brand":[],"product_cat":[290],"product_tag":[],"class_list":{"0":"post-7157","1":"product","2":"type-product","3":"status-publish","4":"has-post-thumbnail","6":"product_cat-okategoriserad","8":"first","9":"instock","10":"virtual","11":"taxable","12":"purchasable","13":"product-type-simple"},"_links":{"self":[{"href":"https:\/\/www.thermiq.net\/se\/wp-json\/wp\/v2\/product\/7157","targetHints":{"allow":["GET"]}}],"collection":[{"href":"https:\/\/www.thermiq.net\/se\/wp-json\/wp\/v2\/product"}],"about":[{"href":"https:\/\/www.thermiq.net\/se\/wp-json\/wp\/v2\/types\/product"}],"wp:featuredmedia":[{"embeddable":true,"href":"https:\/\/www.thermiq.net\/se\/wp-json\/wp\/v2\/media\/6578"}],"wp:attachment":[{"href":"https:\/\/www.thermiq.net\/se\/wp-json\/wp\/v2\/media?parent=7157"}],"wp:term":[{"taxonomy":"product_brand","embeddable":true,"href":"https:\/\/www.thermiq.net\/se\/wp-json\/wp\/v2\/product_brand?post=7157"},{"taxonomy":"product_cat","embeddable":true,"href":"https:\/\/www.thermiq.net\/se\/wp-json\/wp\/v2\/product_cat?post=7157"},{"taxonomy":"product_tag","embeddable":true,"href":"https:\/\/www.thermiq.net\/se\/wp-json\/wp\/v2\/product_tag?post=7157"}],"curies":[{"name":"wp","href":"https:\/\/api.w.org\/{rel}","templated":true}]}}