{"id":7925,"date":"2022-09-25T22:49:45","date_gmt":"2022-09-25T20:49:45","guid":{"rendered":"https:\/\/www.thermiq.net\/?post_type=product&#038;p=7925"},"modified":"2026-04-10T14:48:06","modified_gmt":"2026-04-10T12:48:06","slug":"thermiq-room2","status":"publish","type":"product","link":"https:\/\/www.thermiq.net\/se\/produkt\/thermiq-room2\/","title":{"rendered":"ThermIQ-ROOM2LP"},"content":{"rendered":"<p>Med <strong>ThermIQ-ROOM2 <\/strong>ansluten till din v\u00e4rmepump kan du styra den genom att skicka MQTT meddelanden \u00f6ver WIFI till en MQTT Broker som k\u00f6rs lokalt p\u00e5 en Raspberry PI eller Windows PC.<\/p>\n<p>Det \u00e4r ett utm\u00e4rkt val om du vill kunna styra din v\u00e4rmepump fr\u00e5n din egna hus-automatisering och anv\u00e4nder ett \u00f6ppet, text baserat, api som enkel kan anv\u00e4ndas fr\u00e5n tex Nodered. Om du redan k\u00f6r Home Assistant s\u00e5 finns det en f\u00e4rdig integration tillg\u00e4ngligt i HACS.<\/p>\n<p>Med till\u00e4get <strong>ThermIQ2-Web<\/strong> s\u00e5 f\u00e5r du grafisk sammanst\u00e4llning av hur pumpen arbetat sammanst\u00e4llt per minut, timme, dag och m\u00e5nad. Perfekt om du vill optimera v\u00e4rmepumpens inst\u00e4llningar och energif\u00f6rbrukning.<\/p>\n<p>&nbsp;<\/p>\n<p><strong>ThermIQ-ROOM2<\/strong> har f\u00f6ljande funktioner:<\/p>\n<ul>\n<li><strong>L\u00e4sning och skrivning<\/strong> av alla inst\u00e4llningar \u00f6ver WIFI med MQTT-meddelanden.<\/li>\n<li><strong>Emulering av innegivare<\/strong>: Det betyder att den kan ge din v\u00e4rmepump kontinuerlig uppdatering av faktiskt innetemperatur. Det g\u00f6r den genom att ansluta till v\u00e4rmepumpens ing\u00e5ng f\u00f6r rums-termostat. Genom att skicka ett MQTT meddelande med innetemperatur till <strong>ThermIQ-ROOM2<\/strong> kan v\u00e4mepumpen anv\u00e4nda det tillsammans med aktuell kurva f\u00f6r att styra v\u00e4rmebehovet p\u00e5 faktiskt innetemperatur ist\u00e4llet f\u00f6r att gissa baserat p\u00e5 utetemperatur och returvatten temperatur.<\/li>\n<li><strong>Styrning av EVU<\/strong>: Genom att skicka ett MQTT meddelande kan du helt blocka din v\u00e4rmepump fr\u00e5n att k\u00f6ra oavsett behov. Detta kan anv\u00e4ndas f\u00f6r tex tidsstyrning till tider d\u00e5 elen \u00e4r billigare eller f\u00f6r att undvika effekttoppar vid billadning eller liknande.<\/li>\n<li><\/li>\n<li><strong>ThermIQ-ROOM2<\/strong> ansluts b\u00e5de till v\u00e4rmepumpens ETX interface, dess EVU interface och till dess termostat interface.<\/li>\n<\/ul>\n<p><strong>ThermIQ-ROOM2 <\/strong>fungerar med n\u00e4stan alla Thermia och Danfoss v\u00e4rmepumpar med rund kontrollpanel och svartvit grafisk display producerade efter 2008-03-01.<\/p>\n<p>Det betyder att \u00e5tminstone f\u00f6ljande modeller fungerar med <strong>ThermIQ-ROOM2<\/strong>:<\/p>\n<p>* Danfoss DHP series (Dock ej DHP-Aq)<br \/>\n* Thermia G3<br \/>\n* Thermia Diplomat\/Optimum G3<br \/>\n* Thermia Diplomat Optimum G2<br \/>\n* Thermia Diplomat Duo Optimum G2<br \/>\n* Thermia Diplomat Duo Optimum<br \/>\n* Thermia Diplomat Optimum<br \/>\n* Thermia Diplomat Duo<br \/>\n* Thermia Diplomat<br \/>\n* Thermia Atria Duo Optimum<br \/>\n* Thermia Atria Optimum<br \/>\n* Thermia Atria Duo<br \/>\n* Thermia Atria<br \/>\n* Villa- och Ekopumpar med fyra knappar vid displayen<\/p>\n<p>Dom f\u00f6ljande modellerna fungerar <strong>INTE med ThermIQ:<\/strong><\/p>\n<ul>\n<li>Atec\/DHP-AQ, DHP-IQ, DHP-M, Atlas, Thermia Diplomat Inverter och Genesis<\/li>\n<\/ul>\n<p>&nbsp;<\/p>\n<p><img loading=\"lazy\" decoding=\"async\" class=\"alignleft size-full wp-image-7710\" src=\"https:\/\/www.thermiq.net\/wp-conteny\/uploads\/ThermiaEXT_small.jpg\" alt=\"\" width=\"400\" height=\"300\" srcset=\"https:\/\/www.thermiq.net\/wp-conteny\/uploads\/ThermiaEXT_small.jpg 400w, https:\/\/www.thermiq.net\/wp-conteny\/uploads\/ThermiaEXT_small-300x225.jpg 300w, https:\/\/www.thermiq.net\/wp-conteny\/uploads\/ThermiaEXT_small-160x120.jpg 160w\" sizes=\"auto, (max-width: 400px) 100vw, 400px\" \/>Om din v\u00e4rmepump har en s\u00e5dan h\u00e4r kontakt, \u00e4r tillverkad efter 2008-03-01 s\u00e5 fungerar normalt <strong>ThermIQ-ROOM2<\/strong> med den. F\u00f6r tidigare modeller se <a href=\"https:\/\/www.thermiq.net\/hw-2\/kompatibla-varmepumpar\/\" target=\"_blank\" rel=\"noopener\">kompatibla v\u00e4rmepumpar<\/a><\/p>\n<p>&nbsp;<\/p>\n<p>&nbsp;<\/p>\n<p>&nbsp;<\/p>\n<p>&nbsp;<\/p>\n<p>&nbsp;<\/p>\n<p>&nbsp;<\/p>\n<p>&nbsp;<\/p>\n<p><strong>ThermIQ-ROOM2<\/strong> kan ansluta direkt till v\u00e4rmepumpen om utrymmet framf\u00f6r EXT-kontakten \u00e4r fritt. Alternativt s\u00e5 kan man anv\u00e4nda den EXT-kabel som finns i shopen och kan d\u00e5 ansluta till valfri ledig EXT-kontakt l\u00e4ngs eventuell kedja av anslutna kort.<\/p>\n<p><img loading=\"lazy\" decoding=\"async\" class=\"size-large wp-image-7905 alignnone\" src=\"https:\/\/www.thermiq.net\/wp-conteny\/uploads\/ThermIQ-ROOM2_lg-1024x487.jpg\" alt=\"\" width=\"1024\" height=\"487\" srcset=\"https:\/\/www.thermiq.net\/wp-conteny\/uploads\/ThermIQ-ROOM2_lg-1024x487.jpg 1024w, https:\/\/www.thermiq.net\/wp-conteny\/uploads\/ThermIQ-ROOM2_lg-300x143.jpg 300w, https:\/\/www.thermiq.net\/wp-conteny\/uploads\/ThermIQ-ROOM2_lg-768x365.jpg 768w, https:\/\/www.thermiq.net\/wp-conteny\/uploads\/ThermIQ-ROOM2_lg-1536x731.jpg 1536w, https:\/\/www.thermiq.net\/wp-conteny\/uploads\/ThermIQ-ROOM2_lg-2048x975.jpg 2048w, https:\/\/www.thermiq.net\/wp-conteny\/uploads\/ThermIQ-ROOM2_lg-600x286.jpg 600w\" sizes=\"auto, (max-width: 1024px) 100vw, 1024px\" \/><\/p>\n<p>&nbsp;<\/p>\n<p>&nbsp;<\/p>\n<p><strong>ThermIQ-ROOM2 <\/strong>ansluter till ditt WiFi n\u00e4t och kommunicerar med en MQTT Broker som k\u00f6rs antingen p\u00e5 en Windows PC eller en Raspberry PI och ger m\u00f6jlighet att skriva och l\u00e4sa fr\u00e5n v\u00e4rmepumpen \u00f6ver det \u00f6ppna MQTT protokollet. Du beh\u00f6ver en USB Micro kabel och en USB Laddare som kan leverera minst 2A.<\/p>\n<p><strong>ThermIQ2-Web<\/strong> \u00e4r ett mjukvarupaket som normal k\u00f6rs p\u00e5 en Raspberry PI4 och som ger m\u00f6jlighet att fj\u00e4rrstyra din v\u00e4rmepump. ThermIQ2-Web lagrar alla data och skapar grafer f\u00f6r att presentera driftstatistik per timme dag och m\u00e5nad. Du kan se ett exempel h\u00e4r:\u00a0<a href=\"http:\/\/www.thermiq.net\/t2_web\/index.php\" target=\"_blank\" rel=\"noopener\">ThermIQ2-Web<\/a><\/p>\n<p>&nbsp;<\/p>\n<p><span style=\"color: #ff0000;\">Du kan inte anv\u00e4nda <strong>ThermIQ-ROOM2 <\/strong>samtidigt med Thermia Online eller Thermia Link eller <strong>Thermia rums-termostat<\/strong>.<\/span><\/p>\n<p>P\u00e5 en del marknader har man bytt modellnamn p\u00e5 v\u00e4rmepumparna till Danfoss.<\/p>\n<p><\/p>","protected":false},"excerpt":{"rendered":"<p><strong>ThermIQ-ROOM2<\/strong> interface f\u00f6r dom flesta av Danfoss\/Thermias v\u00e4rmepumpar med m\u00f6jlighet att l\u00e4gga till ThermIQ2-WEB.<\/p>\n","protected":false},"featured_media":7906,"template":"","meta":{"_bbp_topic_count":0,"_bbp_reply_count":0,"_bbp_total_topic_count":0,"_bbp_total_reply_count":0,"_bbp_voice_count":0,"_bbp_anonymous_reply_count":0,"_bbp_topic_count_hidden":0,"_bbp_reply_count_hidden":0,"_bbp_forum_subforum_count":0,"_links_to":"","_links_to_target":""},"product_brand":[],"product_cat":[303],"product_tag":[],"class_list":{"0":"post-7925","1":"product","2":"type-product","3":"status-publish","4":"has-post-thumbnail","6":"product_cat-combo","8":"first","9":"instock","10":"taxable","11":"shipping-taxable","12":"purchasable","13":"product-type-variable","14":"has-default-attributes"},"_links":{"self":[{"href":"https:\/\/www.thermiq.net\/se\/wp-json\/wp\/v2\/product\/7925","targetHints":{"allow":["GET"]}}],"collection":[{"href":"https:\/\/www.thermiq.net\/se\/wp-json\/wp\/v2\/product"}],"about":[{"href":"https:\/\/www.thermiq.net\/se\/wp-json\/wp\/v2\/types\/product"}],"wp:featuredmedia":[{"embeddable":true,"href":"https:\/\/www.thermiq.net\/se\/wp-json\/wp\/v2\/media\/7906"}],"wp:attachment":[{"href":"https:\/\/www.thermiq.net\/se\/wp-json\/wp\/v2\/media?parent=7925"}],"wp:term":[{"taxonomy":"product_brand","embeddable":true,"href":"https:\/\/www.thermiq.net\/se\/wp-json\/wp\/v2\/product_brand?post=7925"},{"taxonomy":"product_cat","embeddable":true,"href":"https:\/\/www.thermiq.net\/se\/wp-json\/wp\/v2\/product_cat?post=7925"},{"taxonomy":"product_tag","embeddable":true,"href":"https:\/\/www.thermiq.net\/se\/wp-json\/wp\/v2\/product_tag?post=7925"}],"curies":[{"name":"wp","href":"https:\/\/api.w.org\/{rel}","templated":true}]}}